{"id":197,"date":"2019-09-25T12:12:17","date_gmt":"2019-09-25T10:12:17","guid":{"rendered":"https:\/\/www.immerheiser.de\/?page_id=197"},"modified":"2023-08-16T15:03:04","modified_gmt":"2023-08-16T13:03:04","slug":"ueber-mich","status":"publish","type":"page","link":"https:\/\/www.immerheiser.de\/?page_id=197","title":{"rendered":"\u00fcber : mich"},"content":{"rendered":"\r\n<div class=\"wp-block-media-text alignwide\r\n\" style=\"grid-template-columns: 45% auto;\">\r\n<figure class=\"wp-block-media-text__media\"><\/figure>\r\n<div class=\"wp-block-media-text__content\">\r\n<figure id=\"attachment_229\" aria-describedby=\"caption-attachment-229\" style=\"width: 166px\" class=\"wp-caption alignright\"><img loading=\"lazy\" decoding=\"async\" class=\" wp-image-229\" src=\"https:\/\/www.immerheiser.de\/wp-content\/uploads\/2019\/09\/eric1-298x300.jpg\" alt=\"eric Immerheiser Profilbild\" width=\"166\" height=\"167\" srcset=\"https:\/\/www.immerheiser.de\/wp-content\/uploads\/2019\/09\/eric1-298x300.jpg 298w, https:\/\/www.immerheiser.de\/wp-content\/uploads\/2019\/09\/eric1-150x150.jpg 150w, https:\/\/www.immerheiser.de\/wp-content\/uploads\/2019\/09\/eric1-768x773.jpg 768w, https:\/\/www.immerheiser.de\/wp-content\/uploads\/2019\/09\/eric1-1017x1024.jpg 1017w, https:\/\/www.immerheiser.de\/wp-content\/uploads\/2019\/09\/eric1.jpg 1172w\" sizes=\"auto, (max-width: 166px) 85vw, 166px\" \/><figcaption id=\"caption-attachment-229\" class=\"wp-caption-text\">eric Immerheiser<\/figcaption><\/figure>\r\n<p style=\"text-align: left;\">Herzlich Willkommen auf meiner pers\u00f6nlichen, privaten WebSite. Als passionierter Hobbyfotograf stelle ich hier haupts\u00e4chlich Bilder zu verschiedenen Themen online.<br \/><br \/>Zu mir: Ich bin Baujahr 1971, komme aus einem beschaulich kleinen Dorf im sch\u00f6nen Rheinhessen bei Mainz und besch\u00e4ftige mich gerne mit Fotografie, der Bildbearbeitung und w\u00fcrde mich schon als recht Technik-affin bezeichnen. Die Fotografie -als Schwerpunkt dieser Seite- zeigt mir die (oft kleinen) sch\u00f6nen Dinge und Augenblicke, die uns allt\u00e4glich umgeben und denen wir meist viel zu wenig Beachtung schenken. Ich versuche diese Momente stets in meinen Bildern festzuhalten&#8230; #lifeisgood<br \/><br \/>\r\n\r\n<br \/><br \/>Daneben gibt es noch einige andere mediale Beitr\u00e4ge zu Hobbys, die ich neben der Fotografie betreibe. Es finden sich Posts zu WanderTouren, ReiseTipps oder auch VideoClips zu SUP-Touren oder \u00e4hnlichem.<br \/><br \/>\r\n\r\n<br \/><br \/>In diesem Sinne&#8230;. Danke f\u00fcrs Vorbeikommen und viel Spa\u00df beim Anschauen meiner Bilder ! Es wird t\u00e4glich ein neues Bild des Tages geben &#8211; zumindest solange mein Archiv noch ausreichend Material hierf\u00fcr bietet \ud83d\ude42 \u00a0<br \/><br \/>Feedback und sonstige Anfragen oder Mitteilungen \u00a0k\u00f6nnt ihr mir gerne via mail zukommen lassen &#8211; die Kommentarfunktion habe ich aus SPAM-Gr\u00fcnden erst einmal deaktiviert.<br \/><br \/><em>&#8211; eric<\/em><\/p>\r\n<p style=\"text-align: left;\">Kontaktmail: webmaster@immerheiser.de<\/p>\r\n<\/div>\r\n<\/div>\r\n","protected":false},"excerpt":{"rendered":"<p>Herzlich Willkommen auf meiner pers\u00f6nlichen, privaten WebSite. Als passionierter Hobbyfotograf stelle ich hier haupts\u00e4chlich Bilder zu verschiedenen Themen online. Zu mir: Ich bin Baujahr 1971, komme aus einem beschaulich kleinen Dorf im sch\u00f6nen Rheinhessen bei Mainz und besch\u00e4ftige mich gerne mit Fotografie, der Bildbearbeitung und w\u00fcrde mich schon als recht Technik-affin bezeichnen. Die Fotografie -als &hellip; <a href=\"https:\/\/www.immerheiser.de\/?page_id=197\" class=\"more-link\"><span class=\"screen-reader-text\">\u201e\u00fcber : mich\u201c<\/span> weiterlesen<\/a><\/p>\n","protected":false},"author":1,"featured_media":0,"parent":0,"menu_order":4,"comment_status":"closed","ping_status":"closed","template":"","meta":{"footnotes":""},"class_list":["post-197","page","type-page","status-publish","hentry"],"jetpack_sharing_enabled":true,"_links":{"self":[{"href":"https:\/\/www.immerheiser.de\/index.php?rest_route=\/wp\/v2\/pages\/197","targetHints":{"allow":["GET"]}}],"collection":[{"href":"https:\/\/www.immerheiser.de\/index.php?rest_route=\/wp\/v2\/pages"}],"about":[{"href":"https:\/\/www.immerheiser.de\/index.php?rest_route=\/wp\/v2\/types\/page"}],"author":[{"embeddable":true,"href":"https:\/\/www.immerheiser.de\/index.php?rest_route=\/wp\/v2\/users\/1"}],"replies":[{"embeddable":true,"href":"https:\/\/www.immerheiser.de\/index.php?rest_route=%2Fwp%2Fv2%2Fcomments&post=197"}],"version-history":[{"count":20,"href":"https:\/\/www.immerheiser.de\/index.php?rest_route=\/wp\/v2\/pages\/197\/revisions"}],"predecessor-version":[{"id":2095,"href":"https:\/\/www.immerheiser.de\/index.php?rest_route=\/wp\/v2\/pages\/197\/revisions\/2095"}],"wp:attachment":[{"href":"https:\/\/www.immerheiser.de\/index.php?rest_route=%2Fwp%2Fv2%2Fmedia&parent=197"}],"curies":[{"name":"wp","href":"https:\/\/api.w.org\/{rel}","templated":true}]}}