{"id":15,"date":"2019-08-05T10:46:54","date_gmt":"2019-08-05T08:46:54","guid":{"rendered":"http:\/\/fotos.immerheiser.de\/?page_id=15"},"modified":"2023-08-16T15:03:11","modified_gmt":"2023-08-16T13:03:11","slug":"impressum","status":"publish","type":"page","link":"https:\/\/www.immerheiser.de\/?page_id=15","title":{"rendered":"impressum &#038; datenschutz"},"content":{"rendered":"\n<p>Die Domain\u00a0<em>immerheiser.de<\/em>\u00a0ist im Besitz von Eric Immerheiser, der auch f\u00fcr den Inhalt verantwortlich zeichnet. F\u00fcr Kommentare in den Weblogs sind die entsprechenden Autoren selber verantwortlich. Kommentare werden gel\u00f6scht, wenn sie geltendes Recht verletzen.\u00a0<\/p>\n\n\n\n<p><strong><em>Der Inhalt dieser Website wird ausschlie\u00dflich zu privaten Zwecken betrieben.<\/em><\/strong><br><br>Eric Immerheiser\u00a0<br>Mainzer Strasse 2\u00a0<br>55270 Schwabenheim<br>Telefon: 06130 &#8211; 55 45 939<br>E-Mail: webmaster@immerheiser.de<\/p>\n\n\n\n<p><strong>Haftung<\/strong><\/p>\n\n\n\n<p>Haftungsanspr\u00fcche gegen\u00fcber dem Betreiber, die sich auf Sch\u00e4den welcher Art auch immer beziehen, die durch die Nutzung oder Nichtnutzung der angebotenen Informationen und Datens\u00e4tze bzw. durch die Nutzung fehlerhafter oder unvollst\u00e4ndiger Informationen verursacht wurden, sind grunds\u00e4tzlich ausgeschlossen!<\/p>\n\n\n\n<p><strong>Hinweise zu ausgebrachten Links<\/strong><\/p>\n\n\n\n<p>Gem\u00e4\u00df \u00a7 7 Abs.1 TMG sind wir ausschlie\u00dflich nur f\u00fcr die eigenen Inhalte verantwortlich. F\u00fcr Links auf fremde Inhalte dritter Anbieter sind wir gem\u00e4\u00df \u00a7 7 Abs.2 TMG nur verantwortlich, wenn wir von einem rechtswidrigen oder strafbaren Gehalt positive Kenntnis haben und es technisch m\u00f6glich und zumutbar ist, deren Nutzung zu verhindern. Auch sind wir nicht verpflichtet, in periodischen Abst\u00e4nden den Inhalt von Angeboten Dritter auf deren Rechtswidrigkeit oder Strafbarkeit zu \u00fcberpr\u00fcfen. Sobald wir von dem rechtswidrigen Inhalt der Web-Seiten Dritter erfahren, wird der entsprechende Link von unserer Seite entfernt. Weiterhin m\u00f6chten wir ausdr\u00fccklich betonen, dass wir keinerlei Einfluss auf die Gestaltung und die Inhalte der gelinkten Seiten haben. Deshalb distanzieren wir uns hiermit ausdr\u00fccklich von allen Inhalten aller gelinkten Seiten auf der gesamten Website inkl. aller Unterseiten. Diese Erkl\u00e4rung gilt f\u00fcr alle auf der Homepage ausgebrachten Links und f\u00fcr alle Inhalte der Seiten, zu denen Links oder Banner f\u00fchren. Sollten Inhalte dieser Internetangebote gegen geltendes Urheberrecht oder das Markengesetz versto\u00dfen, werden diese auf Hinweis schnellstm\u00f6glich entfernt.<br><br><strong>Datenschutz<\/strong><br>Die folgenden Informationen gelten f\u00fcr die vollst\u00e4ndige Website einschlie\u00dflich aller Subdomains.<\/p>\n\n\n\n<p>Ich nehme den Schutz Ihrer pers\u00f6nlichen Daten sehr ernst und halte mich strikt an die Regeln des Datenschutzgesetzes. Personenbezogene Daten werden auf dieser Website nur im technisch notwendigen Umfang erhoben.<\/p>\n\n\n\n<p>Die nachfolgende Erkl\u00e4rung gibt Ihnen einen \u00dcberblick dar\u00fcber, wie dieser Schutz gew\u00e4hrleistet ist und welche Art von Daten zu welchem Zweck erhoben werden.<\/p>\n\n\n\n<p><strong>Datenverarbeitung auf dieser Internetseite<\/strong><\/p>\n\n\n\n<p>Wir erheben und speichern automatisch in Server Log Files Informationen, die Ihr Browser \u00fcbermittelt. Dies sind:<\/p>\n\n\n\n<ul class=\"wp-block-list\"><li>Browsertyp\/ -version<\/li><li>verwendetes Betriebssystem<\/li><li>Referrer URL (die zuvor besuchte Seite)<\/li><li>Hostname des zugreifenden Rechners (IP Adresse)<\/li><li>Uhrzeit der Serveranfrage.<\/li><\/ul>\n\n\n\n<p>Diese Daten sind f\u00fcr uns nicht bestimmten Personen zuordenbar. Eine Zusammenf\u00fchrung dieser Daten mit anderen Datenquellen wird nicht vorgenommen.<\/p>\n\n\n\n<p><strong>Cookies<\/strong><\/p>\n\n\n\n<p>Unsere Internetseiten verwenden an mehreren Stellen, beispielsweise in der Kommentarfunktion der Blogs und bei der Ermittlung der Besuchsz\u00e4hler, so genannte Cookies. Cookies sind kleine Textdateien, die auf Ihrem Rechner abgelegt werden und die Ihr Browser speichert. Die Cookies enthalten eine eindeutige Identifikationsnummer, den Namen, die E-Mail-Adresse und Adresse der eigenen Webseite, und erm\u00f6glichen so das posten von Kommentaren, ohne diese Informationen immer wieder neu eingeben zu m\u00fcssen. Diese Funktion wird allerdings nur aktiviert, wenn bei Absenden eines Kommentars, das Feld &#8222;Daten merken?&#8220; ausgew\u00e4hlt wird.<\/p>\n\n\n\n<p><strong>Auskunftsrecht<\/strong><\/p>\n\n\n\n<p>Sie haben jederzeit das Recht auf Auskunft \u00fcber die bez\u00fcglich Ihrer Person gespeicherten Daten, deren Herkunft und Empf\u00e4nger sowie den Zweck der Speicherung. Zur eindeutigen Identifizierung muss die Anfrage \u00fcber die von Ihnen angebene Emailadresse erfolgen. Bitte haben Sie Verst\u00e4ndnis, dass ansonsten keinerlei M\u00f6glichkeit besteht, die Authentizit\u00e4t der Anfrage zu \u00fcberpr\u00fcfen.<\/p>\n\n\n\n<p><strong>Weitere Informationen<\/strong><\/p>\n\n\n\n<p>Ihr Vertrauen ist uns wichtig. Daher m\u00f6chten wir Ihnen jederzeit Rede und Antwort bez\u00fcglich der Verarbeitung Ihrer personenbezogenen Daten stehen. Wenn Sie Fragen haben, die Ihnen diese Datenschutzerkl\u00e4rung nicht beantworten konnte oder wenn Sie zu einem Punkt vertiefte Informationen w\u00fcnschen, wenden Sie sich bitte jederzeit an mich.<\/p>\n\n\n\n<p>eric immerheiser<br>mainzer Stra\u00dfe 2<br>55270 schwabenheim<\/p>\n\n\n\n<p>webmaster@immerheiser.de<\/p>\n","protected":false},"excerpt":{"rendered":"<p>Die Domain\u00a0immerheiser.de\u00a0ist im Besitz von Eric Immerheiser, der auch f\u00fcr den Inhalt verantwortlich zeichnet. F\u00fcr Kommentare in den Weblogs sind die entsprechenden Autoren selber verantwortlich. Kommentare werden gel\u00f6scht, wenn sie geltendes Recht verletzen.\u00a0 Der Inhalt dieser Website wird ausschlie\u00dflich zu privaten Zwecken betrieben. Eric Immerheiser\u00a0Mainzer Strasse 2\u00a055270 SchwabenheimTelefon: 06130 &#8211; 55 45 939E-Mail: webmaster@immerheiser.de Haftung &hellip; <a href=\"https:\/\/www.immerheiser.de\/?page_id=15\" class=\"more-link\"><span class=\"screen-reader-text\">\u201eimpressum &#038; datenschutz\u201c<\/span> weiterlesen<\/a><\/p>\n","protected":false},"author":1,"featured_media":0,"parent":0,"menu_order":5,"comment_status":"closed","ping_status":"closed","template":"","meta":{"footnotes":""},"class_list":["post-15","page","type-page","status-publish","hentry"],"jetpack_sharing_enabled":true,"_links":{"self":[{"href":"https:\/\/www.immerheiser.de\/index.php?rest_route=\/wp\/v2\/pages\/15","targetHints":{"allow":["GET"]}}],"collection":[{"href":"https:\/\/www.immerheiser.de\/index.php?rest_route=\/wp\/v2\/pages"}],"about":[{"href":"https:\/\/www.immerheiser.de\/index.php?rest_route=\/wp\/v2\/types\/page"}],"author":[{"embeddable":true,"href":"https:\/\/www.immerheiser.de\/index.php?rest_route=\/wp\/v2\/users\/1"}],"replies":[{"embeddable":true,"href":"https:\/\/www.immerheiser.de\/index.php?rest_route=%2Fwp%2Fv2%2Fcomments&post=15"}],"version-history":[{"count":2,"href":"https:\/\/www.immerheiser.de\/index.php?rest_route=\/wp\/v2\/pages\/15\/revisions"}],"predecessor-version":[{"id":40,"href":"https:\/\/www.immerheiser.de\/index.php?rest_route=\/wp\/v2\/pages\/15\/revisions\/40"}],"wp:attachment":[{"href":"https:\/\/www.immerheiser.de\/index.php?rest_route=%2Fwp%2Fv2%2Fmedia&parent=15"}],"curies":[{"name":"wp","href":"https:\/\/api.w.org\/{rel}","templated":true}]}}